{"id":18106,"date":"2019-08-07T12:03:27","date_gmt":"2019-08-07T10:03:27","guid":{"rendered":"https:\/\/archiviofficina48.it\/castelnovonemonti\/?page_id=18106"},"modified":"2019-08-07T12:03:55","modified_gmt":"2019-08-07T10:03:55","slug":"masterplan-di-castelnovo-monti-e-felina","status":"publish","type":"page","link":"https:\/\/archiviofficina48.it\/castelnovonemonti\/masterplan-di-castelnovo-monti-e-felina\/","title":{"rendered":"Masterplan di Castelnovo Monti e Felina"},"content":{"rendered":"<p>I documenti che rappresentano i Masterplan di Castelnovo Monti e di Felina rappresentano il risultato di un importante e lungo lavoro condotto dall&#8217;Amministrazione comunale sull\u2019urbanistica partecipata e la rigenerazione urbana, a partire dal 2016. I due Masterplan per la rigenerazione urbana dei centri abitati di Castelnovo e Felina, sono strumenti strategici ai quali si \u00e8 arrivati <strong>attraverso la partecipazione dei cittadini all\u2019elaborazione delle Mappe di Comunit\u00e0 dei due paesi, poi il Forum Civico, e iniziative specifiche sull\u2019individuazione delle visuali panoramiche dal centro di Castelnovo, i possibili progetti di riqualificazione dell\u2019ex Consorzio agrario e dell\u2019ex Cinema teatro di Felina.<\/strong> I due documenti delineano le linee future di sviluppo dei centri abitati e dei relativi spazi pubblici, e prevedono anche interventi di rilievo per valorizzarne alcuni aspetti oggi poco visibili, cos\u00ec da rivalutarli. Saranno la base per le prossime azioni\u00a0di rigenerazione urbana, con il coinvolgimento attivo di tutti gli assessorati e di una base tecnica innovativa.<br \/>\nI Masterplan trasmettono in sintesi un\u2019immagine dello stato dell\u2019arte e delle possibili opportunit\u00e0 da sviluppare nel breve periodo per rispondere concretamente alle necessit\u00e0 di cambiamento espresse dalla comunit\u00e0, sia singoli cittadini che associazioni, che in questi anni hanno dato un contributo all\u2019avvio del processo di rigenerazione, esprimendo bisogni, idee e desideri. In una parola, partecipando.<\/p>\n<ul>\n<li>\n<h3><a href=\"https:\/\/archiviofficina48.it\/castelnovonemonti\/wp-content\/uploads\/2019\/08\/Masterplan-Relazione_completa.pdf\" target=\"_blank\" rel=\"noopener\">Relazione illustrativa sui Masterplan &gt;&gt;<\/a><\/h3>\n<\/li>\n<li>\n<h3><a href=\"https:\/\/archiviofficina48.it\/castelnovonemonti\/wp-content\/uploads\/2019\/08\/masterplan-CASTELNOVO.pdf\" target=\"_blank\" rel=\"noopener\">Masterplan per la rigenerazione urbana di Castelnovo Monti &gt;&gt;<\/a><\/h3>\n<\/li>\n<li>\n<h3><a href=\"https:\/\/archiviofficina48.it\/castelnovonemonti\/wp-content\/uploads\/2019\/08\/masterplan-FELINA.pdf\" target=\"_blank\" rel=\"noopener\">Masterplan per la rigenerazione urbana di Felina &gt;&gt;<\/a><\/h3>\n<\/li>\n<\/ul>\n<p>&nbsp;<\/p>\n","protected":false},"excerpt":{"rendered":"<p>I documenti che rappresentano i Masterplan di Castelnovo Monti e di Felina rappresentano il risultato di un importante e lungo lavoro condotto dall&#8217;Amministrazione comunale sull\u2019urbanistica partecipata e la rigenerazione urbana, a partire dal 2016. I due Masterplan per la rigenerazione urbana dei centri abitati di Castelnovo e Felina, sono strumenti strategici ai quali si \u00e8&#8230;<\/p>\n","protected":false},"author":1,"featured_media":0,"parent":0,"menu_order":0,"comment_status":"closed","ping_status":"closed","template":"","meta":{"footnotes":""},"class_list":["post-18106","page","type-page","status-publish","hentry"],"_links":{"self":[{"href":"https:\/\/archiviofficina48.it\/castelnovonemonti\/wp-json\/wp\/v2\/pages\/18106","targetHints":{"allow":["GET"]}}],"collection":[{"href":"https:\/\/archiviofficina48.it\/castelnovonemonti\/wp-json\/wp\/v2\/pages"}],"about":[{"href":"https:\/\/archiviofficina48.it\/castelnovonemonti\/wp-json\/wp\/v2\/types\/page"}],"author":[{"embeddable":true,"href":"https:\/\/archiviofficina48.it\/castelnovonemonti\/wp-json\/wp\/v2\/users\/1"}],"replies":[{"embeddable":true,"href":"https:\/\/archiviofficina48.it\/castelnovonemonti\/wp-json\/wp\/v2\/comments?post=18106"}],"version-history":[{"count":2,"href":"https:\/\/archiviofficina48.it\/castelnovonemonti\/wp-json\/wp\/v2\/pages\/18106\/revisions"}],"predecessor-version":[{"id":18111,"href":"https:\/\/archiviofficina48.it\/castelnovonemonti\/wp-json\/wp\/v2\/pages\/18106\/revisions\/18111"}],"wp:attachment":[{"href":"https:\/\/archiviofficina48.it\/castelnovonemonti\/wp-json\/wp\/v2\/media?parent=18106"}],"curies":[{"name":"wp","href":"https:\/\/api.w.org\/{rel}","templated":true}]}}