{"id":5291,"date":"2015-06-03T17:51:59","date_gmt":"2015-06-03T15:51:59","guid":{"rendered":"https:\/\/archiviofficina48.it\/castelnovonemonti\/?page_id=5291"},"modified":"2024-10-16T11:04:24","modified_gmt":"2024-10-16T09:04:24","slug":"i-centri-di-raccolta","status":"publish","type":"page","link":"https:\/\/archiviofficina48.it\/castelnovonemonti\/aree-tematiche\/ambiente-e-verde\/la-raccolta-differenziata\/i-centri-di-raccolta\/","title":{"rendered":"I Centri di Raccolta"},"content":{"rendered":"<h1>I centri di raccolta<\/h1>\n<div class=\"two_third \" >L\u2019accesso ai Centri di Raccolta \u00e8 gratuito. Tutti i materiali conferiti presso i Centri di Raccolta sono destinati al recupero.<br \/>\nUtilizzando la tessera sanitaria dell\u2019intestatario dell\u2019utenza, conferendo alcune tipologie di materiali, \u00e8 possibile accumulare punti che generano uno sconto nella fattura dell\u2019anno successivo.<\/p>\n<p>Le utenze non domestiche possono accedere solo se in possesso di Ecocard rilasciata da Iren.<\/p>\n<p>Chi ne fosse sprovvisto pu\u00f2 farne richiesta telefonando al Servizio Customer Care Ambientale 800.212607 o inviando una mail a ambiente.emilia@gruppoiren.it<\/p>\n<p>Consulta l\u2019App Iren Ambiente o il sito servizi.irenambiente.it per sapere quali materiali puoi conferire nei Centri di Raccolta. Non \u00e8 possibile conferire sacchetti di Rifiuto Residuo al Centro di Raccolta.<\/p>\n<h2>CENTRI DI RACCOLTA (cdr)<\/h2>\n<h3><strong>\u2022 Via Artigianale Croce<br \/>\n(Croce di Castelnovo Monti)<\/strong><\/h3>\n<p><strong>Orario solare:<\/strong><br \/>\nluned\u00ec 8.00\/14.00<br \/>\nmarted\u00ec, mercoled\u00ec e venerd\u00ec 9.00\/12.00<br \/>\ngioved\u00ec e sabato 9.00\/12.00 &#8211; 14.00\/17.00<br \/>\n<strong>Orario legale:<\/strong><br \/>\nluned\u00ec 8.00\/14.00<br \/>\nmarted\u00ec, mercoled\u00ec e venerd\u00ec 9.00\/12.00<br \/>\ngioved\u00ec e sabato 9.00\/12.00 &#8211; 15.00\/18.00<\/p>\n<h3><strong>\u2022 Via Casa Perizzi<br \/>\n(C\u00e0 Perizzi &#8211; Felina)<\/strong><\/h3>\n<p><strong>Orario solare:<\/strong><br \/>\nluned\u00ec e gioved\u00ec 10.00\/13.00 &#8211; 14.00\/17.00<br \/>\nmarted\u00ec e mercoled\u00ec 14.00\/17.00<br \/>\nvenerd\u00ec 12.00\/17.00<br \/>\nsabato 9.00\/13.00<br \/>\n<strong>Orario legale:<\/strong><br \/>\nluned\u00ec e sabato 10.00\/13.00 &#8211; 15.00\/18.00<br \/>\nmarted\u00ec, mercoled\u00ec e gioved\u00ec 15.00\/18.00<br \/>\nvenerd\u00ec 12.00\/18.00<\/p>\n<p><\/div>\n","protected":false},"excerpt":{"rendered":"<p>I centri di raccolta<\/p>\n","protected":false},"author":2,"featured_media":0,"parent":5245,"menu_order":0,"comment_status":"closed","ping_status":"closed","template":"template-leftsidebar.php","meta":{"footnotes":""},"class_list":["post-5291","page","type-page","status-publish","hentry"],"_links":{"self":[{"href":"https:\/\/archiviofficina48.it\/castelnovonemonti\/wp-json\/wp\/v2\/pages\/5291","targetHints":{"allow":["GET"]}}],"collection":[{"href":"https:\/\/archiviofficina48.it\/castelnovonemonti\/wp-json\/wp\/v2\/pages"}],"about":[{"href":"https:\/\/archiviofficina48.it\/castelnovonemonti\/wp-json\/wp\/v2\/types\/page"}],"author":[{"embeddable":true,"href":"https:\/\/archiviofficina48.it\/castelnovonemonti\/wp-json\/wp\/v2\/users\/2"}],"replies":[{"embeddable":true,"href":"https:\/\/archiviofficina48.it\/castelnovonemonti\/wp-json\/wp\/v2\/comments?post=5291"}],"version-history":[{"count":24,"href":"https:\/\/archiviofficina48.it\/castelnovonemonti\/wp-json\/wp\/v2\/pages\/5291\/revisions"}],"predecessor-version":[{"id":29723,"href":"https:\/\/archiviofficina48.it\/castelnovonemonti\/wp-json\/wp\/v2\/pages\/5291\/revisions\/29723"}],"up":[{"embeddable":true,"href":"https:\/\/archiviofficina48.it\/castelnovonemonti\/wp-json\/wp\/v2\/pages\/5245"}],"wp:attachment":[{"href":"https:\/\/archiviofficina48.it\/castelnovonemonti\/wp-json\/wp\/v2\/media?parent=5291"}],"curies":[{"name":"wp","href":"https:\/\/api.w.org\/{rel}","templated":true}]}}