{"id":5841,"date":"2015-06-24T15:36:00","date_gmt":"2015-06-24T13:36:00","guid":{"rendered":"https:\/\/archiviofficina48.it\/castelnovonemonti\/?page_id=5841"},"modified":"2015-06-30T12:06:07","modified_gmt":"2015-06-30T10:06:07","slug":"novita-per-le-richieste-di-residenza","status":"publish","type":"page","link":"https:\/\/archiviofficina48.it\/castelnovonemonti\/comune\/uffici-e-sportelli-comunali\/novita-per-le-richieste-di-residenza\/","title":{"rendered":"Novit\u00e0 per le richieste di residenza"},"content":{"rendered":"<h2 class=\"primopiano\">NOVITA&#8217; PER LE RICHIESTE DI RESIDENZA<\/h2>\n<h4 class=\"sottotitolo\">In vigore dal 9 maggio 2012<\/h4>\n<div class=\"testo_descrizione\">\n<div>Sono in vigore le nuove disposizioni in materia anagrafica, riguardanti le modalit\u00e0 con le quali\u00a0effettuare le dichiarazioni anagrafiche,\u00a0nonch\u00e9 il procedimento di registrazione e di controllo successivo delle dichiarazioni rese.<\/div>\n<div>Le novit\u00e0 introdotte riguardano la possibilit\u00e0 di effettuare le dichiarazioni anagrafiche, attraverso la compilazione di moduli conformi a quelli pubblicati sul sito internet del Ministero dell&#8217;interno (e disponibili su questa pagina).<\/div>\n<div>I cittadini potranno presentare le dichiarazioni anagrafiche nei seguenti modi:<\/div>\n<div>1)\u00a0\u00a0\u00a0\u00a0\u00a0 direttamente\u00a0all&#8217;ufficio anagrafe (negli orari di apertura al pubblico)<\/div>\n<div>2)\u00a0\u00a0\u00a0\u00a0\u00a0 <u>per raccomandata<\/u>, indirizzata a: Comune di Castelnovo ne&#8217; Monti, Ufficio Anagrafe, Piazza Gramsci 1, 42035 Castelnovo ne&#8217; Monti<\/div>\n<div>3)\u00a0\u00a0\u00a0\u00a0\u00a0 <u>per fax <\/u>al numero 0522 810947<\/div>\n<div>4)\u00a0\u00a0\u00a0\u00a0\u00a0 <u>per via telematica <\/u>(all&#8217;e-mail <u><a href=\"mailto:urp@archiviofficina48.it\">urp@archiviofficina48.it<\/a><\/u> o tramite PEC all&#8217;indirizzo <u><a href=\"mailto:castelnovonemonti@cert.provincia.re.it\">castelnovonemonti@cert.provincia.re.it<\/a><\/u>\u00a0)<\/div>\n<div><\/div>\n<div>Quest&#8217;ultima possibilit\u00e0 (per via telematica) \u00e8 consentita ad una delle seguenti condizioni:<\/div>\n<ol type=\"1\">\n<li>che la dichiarazione sia sottoscritta <u>con firma digitale<\/u>;<\/li>\n<li>che la dichiarazione sia trasmessa <u>attraverso la casella di posta elettronica certificata del dichiarante;<\/u><\/li>\n<li>che la copia della dichiarazione recante la firma autografa e la copia del documento d&#8217;identit\u00e0 del dichiarante siano acquisite <u>mediante scanner<\/u>\u00a0e trasmesse tramite posta elettronica semplice.<\/li>\n<\/ol>\n<div><b>Alla dichiarazione deve essere allegata copia del documento d&#8217;identit\u00e0 del richiedente e delle persone che trasferiscono la residenza unitamente al richiedente che, se maggiorenni, devono sottoscrivere il modulo.<\/b><\/div>\n<div>Il cittadino proveniente da uno Stato estero, ai fini della registrazione in anagrafe del rapporto di parentela con altri componenti della famiglia, deve allegare la relativa documentazione, in regola con le disposizioni in materia di traduzione e legalizzazione dei documenti.<\/div>\n<div>Il cittadino di Stato non appartenente all&#8217;Unione Europea deve allegare la documentazione indicata nell&#8217;allegato A).<\/div>\n<div><a href=\"https:\/\/archiviofficina48.it\/castelnovonemonti\/wp-content\/uploads\/2015\/06\/Residenze-Allegato-A.pdf\">ALLEGATO A<\/a><\/div>\n<div>Il cittadino di Stato appartenente all&#8217;Unione Europea deve allegare la documentazione indicata nell&#8217;allegato B).<\/div>\n<div><a href=\"https:\/\/archiviofficina48.it\/castelnovonemonti\/wp-content\/uploads\/2015\/06\/Residenze-Allegato-B.pdf\">ALLEGATO B<\/a><\/div>\n<div><\/div>\n<div><\/div>\n<p>&nbsp;<\/p>\n<div><b>MODELLI<\/b><\/div>\n<ul type=\"disc\">\n<li><a href=\"https:\/\/archiviofficina48.it\/castelnovonemonti\/wp-content\/uploads\/2015\/06\/DICHIARAZIONE-RESIDENZA-per-4-pers.doc\">DICHIARAZIONE DI RESIDENZA (CON PROVENIENZA DA ALTRO COMUNE, DALL&#8217;ESTERO, DALL&#8217;AIRE DI ALTRO COMUNE; CAMBIO DI ABITAZIONE NELL&#8217;AMBITO DELLO STESSO COMUNE)<\/a><\/li>\n<li><a href=\"https:\/\/archiviofficina48.it\/castelnovonemonti\/wp-content\/uploads\/2015\/06\/TRASFERIMENTO-ALLESTERO.doc\">DICHIARAZIONE DI TRASFERIMENTO ALL&#8217;ESTERO<\/a><\/li>\n<li><a href=\"https:\/\/archiviofficina48.it\/castelnovonemonti\/wp-content\/uploads\/2015\/06\/dichiarazione_proprietario_allegato2.doc\">DICHIARAZIONE DI ASSENSO-CONOSCENZA DEL PROPRIETARIO DELL&#8217;IMMOBILE<\/a><\/li>\n<\/ul>\n<div>A\u00a0seguito della dichiarazione resa, l&#8217;Ufficio Anagrafe proceder\u00e0 immediatamente, e comunque entro i 2 (DUE) giorni lavorativi successivi, a registrare le conseguenti variazioni, con decorrenza dalla data di presentazione delle dichiarazioni medesimi. Provveder\u00e0 altres\u00ec\u00a0ad accertare la sussistenza dei requisiti previsti per l&#8217;iscrizione (o la registrazione) stessa e se, trascorsi 45 giorni dalla dichiarazione resa o inviata senza che sia stata effettuata la comunicazione dei requisiti mancanti, l&#8217;iscrizione (o la registrazione) si intende confermata.<\/div>\n<\/div>\n<div><\/div>\n<div><\/div>\n<p>&nbsp;<\/p>\n<div class=\"testo_descrizione\">\n<div><b>CONSEGUENZE IN CASO DI DICHIARAZIONI MENDACI<\/b><br \/>\nI commi 4 e 5 dell&#8217;art. 5 del decreto-legge in esame disciplinano la fase successiva alla\u00a0registrazione delle dichiarazioni rese, ovvero quella che attiene all&#8217; accertamento dei requisiti previsti per l&#8217;iscrizione anagrafica o per la registrazione dei cambiamenti di abitazione, nonch\u00e9 agli effetti derivanti dagli eventuali esiti negativi di tali accertamenti.<br \/>\nIn particolare, il citato comma 4 prevede che in caso di dichiarazioni non corrispondenti al vero si applicano gli articoli 75 e 76 del D.P.R. n. 445\/2000, i quali dispongono rispettivamente la decadenza dai benefici acquisiti per effetto della dichiarazione, nonch\u00e9 il rilievo penale della dichiarazione mendace. Il comma 4 ribadisce inoltre quanto gi\u00e0 previsto dal1&#8217;art. 19, c. 3, del\u00a0 D.P.R. n. 223\/1989, in merito alla segnalazione alle autorit\u00e0 di pubblica sicurezza delle discordanze tra le dichiarazioni rese dagli interessati e gli esiti degli accertamenti esperiti.<\/div>\n<\/div>\n","protected":false},"excerpt":{"rendered":"<p>NOVITA&#8217; PER LE RICHIESTE DI RESIDENZA In vigore dal 9 maggio 2012 Sono in vigore le nuove disposizioni in materia anagrafica, riguardanti le modalit\u00e0 con le quali\u00a0effettuare le dichiarazioni anagrafiche,\u00a0nonch\u00e9 il procedimento di registrazione e di controllo successivo delle dichiarazioni rese. Le novit\u00e0 introdotte riguardano la possibilit\u00e0 di effettuare le dichiarazioni anagrafiche, attraverso la compilazione&#8230;<\/p>\n","protected":false},"author":3,"featured_media":0,"parent":4437,"menu_order":0,"comment_status":"closed","ping_status":"closed","template":"template-leftsidebar.php","meta":{"footnotes":""},"class_list":["post-5841","page","type-page","status-publish","hentry"],"_links":{"self":[{"href":"https:\/\/archiviofficina48.it\/castelnovonemonti\/wp-json\/wp\/v2\/pages\/5841","targetHints":{"allow":["GET"]}}],"collection":[{"href":"https:\/\/archiviofficina48.it\/castelnovonemonti\/wp-json\/wp\/v2\/pages"}],"about":[{"href":"https:\/\/archiviofficina48.it\/castelnovonemonti\/wp-json\/wp\/v2\/types\/page"}],"author":[{"embeddable":true,"href":"https:\/\/archiviofficina48.it\/castelnovonemonti\/wp-json\/wp\/v2\/users\/3"}],"replies":[{"embeddable":true,"href":"https:\/\/archiviofficina48.it\/castelnovonemonti\/wp-json\/wp\/v2\/comments?post=5841"}],"version-history":[{"count":6,"href":"https:\/\/archiviofficina48.it\/castelnovonemonti\/wp-json\/wp\/v2\/pages\/5841\/revisions"}],"predecessor-version":[{"id":6066,"href":"https:\/\/archiviofficina48.it\/castelnovonemonti\/wp-json\/wp\/v2\/pages\/5841\/revisions\/6066"}],"up":[{"embeddable":true,"href":"https:\/\/archiviofficina48.it\/castelnovonemonti\/wp-json\/wp\/v2\/pages\/4437"}],"wp:attachment":[{"href":"https:\/\/archiviofficina48.it\/castelnovonemonti\/wp-json\/wp\/v2\/media?parent=5841"}],"curies":[{"name":"wp","href":"https:\/\/api.w.org\/{rel}","templated":true}]}}