{"id":5994,"date":"2015-06-24T18:39:47","date_gmt":"2015-06-24T16:39:47","guid":{"rendered":"https:\/\/archiviofficina48.it\/castelnovonemonti\/?page_id=5994"},"modified":"2015-06-30T12:06:07","modified_gmt":"2015-06-30T10:06:07","slug":"protocollo-operativo-idoneita-di-alloggio","status":"publish","type":"page","link":"https:\/\/archiviofficina48.it\/castelnovonemonti\/comune\/uffici-e-sportelli-comunali\/protocollo-operativo-idoneita-di-alloggio\/","title":{"rendered":"Protocollo operativo idoneit\u00e0 di alloggio"},"content":{"rendered":"<h2 class=\"primopiano\">PROTOCOLLO OPERATIVO PER RILASCIO CERTIFICATO IDONEITA&#8217; ALLOGGIO<\/h2>\n<h2 class=\"sottotitolo\"><\/h2>\n<div class=\"testo_descrizione\">\n<p>(D.M. 190 DEL 05\/07\/1975)<\/p>\n<p>Linee guida operative da applicare per il rilascio delle certificazioni per l&#8217;idoneit\u00e0 degli alloggi. Legge R. 12\/98 all. A<\/p>\n<div>Ogni cittadino che richiede il rilascio della certificazione per l&#8217;idoneit\u00e0 degli alloggi dovr\u00e0 recarsi presso il Servizio Sicurezza Sociale ed inoltrare richiesta su apposita modulistica allegando la seguente documentazione:<\/div>\n<ul>\n<li>Copia del contratto d&#8217;affitto regolarmente registrato o documentazione comprovante la propriet\u00e0 dei locali;<\/li>\n<li>Copia del permesso di soggiorno del richiedente;<\/li>\n<\/ul>\n<p>Tale documentazione sar\u00e0 subito trasmessa allo Sportello del Territorio.<\/p>\n<p>Il Responsabile dello Sportello del Territorio \u00e8 disponibile per eventuali chiarimenti nei giorni di luned\u00ec ? marted\u00ec ? mercoled\u00ec dalle 8.30 alle 13.00 telefono 0522\/610243.<\/p>\n<p>In seguito lo Sportello del Territorio provveder\u00e0 a richiedere tempestivamente al proprietario dell&#8217;immobile i documenti necessari per completare la pratica. Verificata tutta la regolarit\u00e0 della pratica entro 2 gg. trasferir\u00e0 la documentazione all&#8217;ufficio Sicurezza Sociale che si occuper\u00e0 di consegnare l&#8217;idoneit\u00e0 al cittadino oppure di gestire le verifiche presso l&#8217;abitazione del richiedente da parte della seguente commissione: un tecnico comunale, un agente di polizia municipale ed un assistente sociale.<\/p>\n<div>La commissione \u00e8 incaricata di verificare i seguenti requisiti:<\/div>\n<ul>\n<li>Verifica in loco della permanenza dei requisiti dichiarati nella documentazione presentata al momento della richiesta;<\/li>\n<li>Verifica della presenza di un alloggio idoneo ad essere abitato, in relazione al numero di persone che lo occupano, che rispecchi i parametri previsti dalla L.R. n. 12\/84 Tabella A;<\/li>\n<li>Verifica delle condizioni di salubrit\u00e0 dei locali.<\/li>\n<li>Verifica della composizione del nucleo famigliare come risulta dallo stato di famiglia.<\/li>\n<li>Verifica della condizione socio-assistenziale del nucleo famigliare.<\/li>\n<\/ul>\n<p>In seguito al sopralluogo effettuato la commissione rilascer\u00e0 un verbale con l&#8217;esito della visita, se non verranno rilevati elementi di non conformit\u00e0, entro due giorni, lo sportello del territorio, competente per il rilascio della certificazione, rilascer\u00e0 la certificazione all&#8217;Ufficio Sicurezza Sociale che provveder\u00e0 a consegnarla all&#8217;interessato.<br \/>\nIndicativamente i sopralluoghi verranno effettuati il sabato mattina e il mercoled\u00ec mattina successivo , verr\u00e0 rilasciata la certificazione al cittadino. Qualora vengano riscontrati elementi di non conformit\u00e0 si provveder\u00e0 a segnalare gli aspetti problematici agli organi competenti.<\/p>\n<\/div>\n<p>&nbsp;<br \/>\n&nbsp;<\/p>\n<hr \/>\n<h5>\u00a0UFFICIO: &gt;&gt; SPORTELLO UNICO DELL&#8217;EDILIZIA<\/h5>\n<p><strong>Referenti<\/strong>: Daniele Corradini 0522 610225- Moreno Manfredi Tel. 0522 610235 Marta Maroni Tel. 0522 610223 &#8211; Annachiara Deangeli Tel. 0522 610246<br \/>\n<strong>E-mail<\/strong>: <a href=\"mailto:edilizia@archiviofficina48.it\">edilizia@archiviofficina48.it<\/a><br \/>\n<strong>Ricevimento al pubblico<\/strong>: L&#8217;ufficio e&#8217; aperto al pubblico tutti i giorni dal Lunedi&#8217; al Sabato dalle 8.00 alle 13.00 e il Martedi&#8217; pomeriggio anche dalle 15.00 alle 16.00.<br \/>\n<b>Daniele Corradini riceve<\/b>: il Lunedi&#8217; e il Mercoled\u00ec previo appuntamento.<br \/>\n<b>Moreno Manfredi riceve: <\/b>il Luned\u00ec e il Gioved\u00ec dalle 9.00 alle 13.00<\/p>\n<hr \/>\n<p>&nbsp;<\/p>\n","protected":false},"excerpt":{"rendered":"<p>PROTOCOLLO OPERATIVO PER RILASCIO CERTIFICATO IDONEITA&#8217; ALLOGGIO (D.M. 190 DEL 05\/07\/1975) Linee guida operative da applicare per il rilascio delle certificazioni per l&#8217;idoneit\u00e0 degli alloggi. Legge R. 12\/98 all. A Ogni cittadino che richiede il rilascio della certificazione per l&#8217;idoneit\u00e0 degli alloggi dovr\u00e0 recarsi presso il Servizio Sicurezza Sociale ed inoltrare richiesta su apposita modulistica&#8230;<\/p>\n","protected":false},"author":3,"featured_media":0,"parent":4437,"menu_order":0,"comment_status":"closed","ping_status":"closed","template":"template-leftsidebar.php","meta":{"footnotes":""},"class_list":["post-5994","page","type-page","status-publish","hentry"],"_links":{"self":[{"href":"https:\/\/archiviofficina48.it\/castelnovonemonti\/wp-json\/wp\/v2\/pages\/5994","targetHints":{"allow":["GET"]}}],"collection":[{"href":"https:\/\/archiviofficina48.it\/castelnovonemonti\/wp-json\/wp\/v2\/pages"}],"about":[{"href":"https:\/\/archiviofficina48.it\/castelnovonemonti\/wp-json\/wp\/v2\/types\/page"}],"author":[{"embeddable":true,"href":"https:\/\/archiviofficina48.it\/castelnovonemonti\/wp-json\/wp\/v2\/users\/3"}],"replies":[{"embeddable":true,"href":"https:\/\/archiviofficina48.it\/castelnovonemonti\/wp-json\/wp\/v2\/comments?post=5994"}],"version-history":[{"count":2,"href":"https:\/\/archiviofficina48.it\/castelnovonemonti\/wp-json\/wp\/v2\/pages\/5994\/revisions"}],"predecessor-version":[{"id":5996,"href":"https:\/\/archiviofficina48.it\/castelnovonemonti\/wp-json\/wp\/v2\/pages\/5994\/revisions\/5996"}],"up":[{"embeddable":true,"href":"https:\/\/archiviofficina48.it\/castelnovonemonti\/wp-json\/wp\/v2\/pages\/4437"}],"wp:attachment":[{"href":"https:\/\/archiviofficina48.it\/castelnovonemonti\/wp-json\/wp\/v2\/media?parent=5994"}],"curies":[{"name":"wp","href":"https:\/\/api.w.org\/{rel}","templated":true}]}}