{"id":5997,"date":"2015-06-24T18:42:38","date_gmt":"2015-06-24T16:42:38","guid":{"rendered":"https:\/\/archiviofficina48.it\/castelnovonemonti\/?page_id=5997"},"modified":"2015-06-30T12:06:07","modified_gmt":"2015-06-30T10:06:07","slug":"protocollo-operativo-rilascio-contrassegno","status":"publish","type":"page","link":"https:\/\/archiviofficina48.it\/castelnovonemonti\/comune\/uffici-e-sportelli-comunali\/protocollo-operativo-rilascio-contrassegno\/","title":{"rendered":"Protocollo operativo rilascio contrassegno"},"content":{"rendered":"<h3 class=\"primopiano\">PROTOCOLLO OPERATIVO PER IL RILASCIO DEL CONTRASSEGNO DI CIRCOLAZIONE E SOSTA DEI VEICOLI A SERVIZIO<\/h3>\n<h2 class=\"sottotitolo\"><\/h2>\n<div class=\"testo_descrizione\">\n&nbsp;<\/p>\n<p>Ogni cittadino, residente nel comune di Castelnovo ne&#8217; Monti, con problemi di deambulazione, anche temporanea, pu\u00f2 richiedere il contrassegno di circolazione e sosta dei veicoli a servizio di persone invalide con la seguente procedura:<br \/>\n1. Presentarsi personalmente, oppure delegando un familiare munito di certificazione attestante l&#8217;invalidit\u00e0 del richiedente, presso l&#8217;Ufficio Igiene Pubblica dell&#8217;ospedale S.Anna di Castelnovo ne&#8217; Monti nei giorni di luned\u00ec, mercoled\u00ec, venerd\u00ec dalle 8,30 alle 12,30 per richiedere il &#8220;certificato medico per il rilascio del contrassegno di circolazione e sosta dei veicoli a servizio di persone invalide&#8221;,<br \/>\n2. Recarsi presso l&#8217;Ufficio Sicurezza Sociale del comune di Castelnovo ne&#8217; Monti muniti del certificato rilasciato dall&#8217;Ufficio Igiene Pubblica, per il rilascio del contrassegno.<\/p>\n<p><strong>RINNOVO:<\/strong><\/p>\n<p>&#8211; Nel caso la durata del contrassegno in scadenza sia di 5 anni, \u00e8 sufficiente presentarsi all&#8217;Ufficio Sicurezza Sociale in possesso di certificato rilasciato dal proprio medico di base;<br \/>\n&#8211; Nel caso la durata del contrassegno in scadenza sia inferiore ai 5 anni \u00e8 necessario presentare la documentazione come per la richiesta di un nuovo contrassegno.<\/p>\n<\/div>\n","protected":false},"excerpt":{"rendered":"<p>PROTOCOLLO OPERATIVO PER IL RILASCIO DEL CONTRASSEGNO DI CIRCOLAZIONE E SOSTA DEI VEICOLI A SERVIZIO &nbsp; Ogni cittadino, residente nel comune di Castelnovo ne&#8217; Monti, con problemi di deambulazione, anche temporanea, pu\u00f2 richiedere il contrassegno di circolazione e sosta dei veicoli a servizio di persone invalide con la seguente procedura: 1. Presentarsi personalmente, oppure delegando&#8230;<\/p>\n","protected":false},"author":3,"featured_media":0,"parent":4437,"menu_order":0,"comment_status":"closed","ping_status":"closed","template":"template-leftsidebar.php","meta":{"footnotes":""},"class_list":["post-5997","page","type-page","status-publish","hentry"],"_links":{"self":[{"href":"https:\/\/archiviofficina48.it\/castelnovonemonti\/wp-json\/wp\/v2\/pages\/5997","targetHints":{"allow":["GET"]}}],"collection":[{"href":"https:\/\/archiviofficina48.it\/castelnovonemonti\/wp-json\/wp\/v2\/pages"}],"about":[{"href":"https:\/\/archiviofficina48.it\/castelnovonemonti\/wp-json\/wp\/v2\/types\/page"}],"author":[{"embeddable":true,"href":"https:\/\/archiviofficina48.it\/castelnovonemonti\/wp-json\/wp\/v2\/users\/3"}],"replies":[{"embeddable":true,"href":"https:\/\/archiviofficina48.it\/castelnovonemonti\/wp-json\/wp\/v2\/comments?post=5997"}],"version-history":[{"count":4,"href":"https:\/\/archiviofficina48.it\/castelnovonemonti\/wp-json\/wp\/v2\/pages\/5997\/revisions"}],"predecessor-version":[{"id":6001,"href":"https:\/\/archiviofficina48.it\/castelnovonemonti\/wp-json\/wp\/v2\/pages\/5997\/revisions\/6001"}],"up":[{"embeddable":true,"href":"https:\/\/archiviofficina48.it\/castelnovonemonti\/wp-json\/wp\/v2\/pages\/4437"}],"wp:attachment":[{"href":"https:\/\/archiviofficina48.it\/castelnovonemonti\/wp-json\/wp\/v2\/media?parent=5997"}],"curies":[{"name":"wp","href":"https:\/\/api.w.org\/{rel}","templated":true}]}}