{"id":6294,"date":"2015-06-25T15:35:24","date_gmt":"2015-06-25T13:35:24","guid":{"rendered":"https:\/\/archiviofficina48.it\/castelnovonemonti\/?page_id=6294"},"modified":"2015-06-30T12:04:12","modified_gmt":"2015-06-30T10:04:12","slug":"faq-bando-812","status":"publish","type":"page","link":"https:\/\/archiviofficina48.it\/castelnovonemonti\/comune\/amministrazione-trasparente\/bandi-di-gara-e-contratti\/bandi-scaduti-e-aggiudicazioni\/bando-di-gara-812\/faq-bando-812\/","title":{"rendered":"FAQ BANDO 812"},"content":{"rendered":"<h2 class=\"primopiano\">FAQ<\/h2>\n<h2 class=\"sottotitolo\"><\/h2>\n<div class=\"testo_descrizione\">\n<p><strong>DOMANDA:<\/strong><br \/>\n1) al fine di redigere un corretto PEF, si richiede di conoscere alcune voci di costo non esplicitate nella disciplina di gara: il costo del pranzo degli operatori del servizio e, se dovuto, il costo della giornata alimentare per gli utenti privati non convenzionati:<\/p>\n<p><strong>RISPOSTA:<\/strong><br \/>\nA) il costo del pranzo degli operatori del servizio e il costo del pasto per gli utenti privati non convenzionati allo stato attuale \u00e8 riportato nella seguente tabella:<br \/>\nTipologia\u00a0prezzo\u00a0IVA 4%\u00a0TOT.<br \/>\npasto bambino\u00a0\u20ac 5,98\u00a0\u20ac 0,24\u00a0\u20ac 6,22<br \/>\npasto adulto\u00a0\u20ac 6,34\u00a0\u20ac 0,25\u00a0\u20ac 6,59<\/p>\n<p><strong>DOMANDA:<\/strong><br \/>\n2) all\u2019art. 1.1 comma a) secondo paragrafo, e in diverse parti della documentazione di gara, si riporta la capienza totale del servizio a 59 posti, tutti a tempo pieno; diversamente all\u2019art. 4.c.3 comma E \u201cservizi aggiuntivi e integrativi\u201d proposti dal concessionario, prevede un\u2019ampia gamma di servizi tra cui anche sezioni part-time; si ritiene pertanto che la definizione di \u201ctempo pieno\u201d sia legata alla capacit\u00e0 ricettiva della struttura, ma che per i 17 posti non convenzionati vi sia la possibilit\u00e0 di proporre pluralit\u00e0 di servizi tra cui anche servizi a part-time.<\/p>\n<p><strong>RISPOSTA:<\/strong><br \/>\nB) \u00e8 corretta l\u2019interpretazione sopra riportata, infatti la definizione di nido per 59 posti tutti a tempo pieno \u00e8 legata alla capacit\u00e0 ricettiva della struttura ma per i 17 posti non convenzionati sono possibili proposte di servizi diversi anche non a tempo pieno.<\/p>\n<p><strong>DOMANDA:<\/strong><br \/>\n3) \u00e8 possibile avere le planimetrie in formato DWG?<\/p>\n<p><strong>RISPOSTA:<\/strong><br \/>\nC) le planimetrie in formato pdf disponibili sul sito del comune sono pi\u00f9 che sufficienti per la presentazione dell\u2019offerta e non consegneremo planimetrie in formati diversi e, soprattutto, modificabili.<\/p>\n<\/div>\n","protected":false},"excerpt":{"rendered":"<p>FAQ DOMANDA: 1) al fine di redigere un corretto PEF, si richiede di conoscere alcune voci di costo non esplicitate nella disciplina di gara: il costo del pranzo degli operatori del servizio e, se dovuto, il costo della giornata alimentare per gli utenti privati non convenzionati: RISPOSTA: A) il costo del pranzo degli operatori del&#8230;<\/p>\n","protected":false},"author":3,"featured_media":0,"parent":6291,"menu_order":0,"comment_status":"closed","ping_status":"closed","template":"template-leftsidebar.php","meta":{"footnotes":""},"class_list":["post-6294","page","type-page","status-publish","hentry"],"_links":{"self":[{"href":"https:\/\/archiviofficina48.it\/castelnovonemonti\/wp-json\/wp\/v2\/pages\/6294","targetHints":{"allow":["GET"]}}],"collection":[{"href":"https:\/\/archiviofficina48.it\/castelnovonemonti\/wp-json\/wp\/v2\/pages"}],"about":[{"href":"https:\/\/archiviofficina48.it\/castelnovonemonti\/wp-json\/wp\/v2\/types\/page"}],"author":[{"embeddable":true,"href":"https:\/\/archiviofficina48.it\/castelnovonemonti\/wp-json\/wp\/v2\/users\/3"}],"replies":[{"embeddable":true,"href":"https:\/\/archiviofficina48.it\/castelnovonemonti\/wp-json\/wp\/v2\/comments?post=6294"}],"version-history":[{"count":2,"href":"https:\/\/archiviofficina48.it\/castelnovonemonti\/wp-json\/wp\/v2\/pages\/6294\/revisions"}],"predecessor-version":[{"id":6296,"href":"https:\/\/archiviofficina48.it\/castelnovonemonti\/wp-json\/wp\/v2\/pages\/6294\/revisions\/6296"}],"up":[{"embeddable":true,"href":"https:\/\/archiviofficina48.it\/castelnovonemonti\/wp-json\/wp\/v2\/pages\/6291"}],"wp:attachment":[{"href":"https:\/\/archiviofficina48.it\/castelnovonemonti\/wp-json\/wp\/v2\/media?parent=6294"}],"curies":[{"name":"wp","href":"https:\/\/api.w.org\/{rel}","templated":true}]}}