{"id":9997,"date":"2016-09-02T09:19:40","date_gmt":"2016-09-02T07:19:40","guid":{"rendered":"https:\/\/archiviofficina48.it\/castelnovonemonti\/?page_id=9997"},"modified":"2019-08-07T12:05:30","modified_gmt":"2019-08-07T10:05:30","slug":"mappa-di-comunita","status":"publish","type":"page","link":"https:\/\/archiviofficina48.it\/castelnovonemonti\/mappa-di-comunita\/","title":{"rendered":"Forum Civico e Mappa di Comunit\u00e0"},"content":{"rendered":"<h3><a href=\"https:\/\/archiviofficina48.it\/castelnovonemonti\/masterplan-di-castelnovo-monti-e-felina\/\">MASTERPLAN PER LA RIGENERAZIONE URBANA DI CASTELNOVO MONTI E FELINA &gt;&gt;<\/a><\/h3>\n<hr \/>\n<h3 class=\"p1\"><a href=\"https:\/\/archiviofficina48.it\/castelnovonemonti\/wp-content\/uploads\/2018\/10\/Report-Felina_17_10_2018.pdf\" target=\"_blank\" rel=\"noopener noreferrer\">INCONTRI PROPOSITIVI PER IL FUTURO URBANISTICO DI FELINA CON PARTICOLARE RIFERIMENTO ALLA ZONA DELL&#8217;EX CINEMA &gt;&gt;<\/a><\/h3>\n<hr \/>\n<h3 class=\"p1\"><a href=\"https:\/\/archiviofficina48.it\/castelnovonemonti\/2018\/08\/28\/le-piu-belle-visuali-castelnovo-individuate-processo-urbanistica-partecipata\/\"><span class=\"s1\">PROGETTO DI INDIVIDUAZIONE DELLE VISUALI PANORAMICHE SIGNIFICATIVE DI CASTELNOVO &gt;&gt;<\/span><\/a><\/h3>\n<hr \/>\n<h3 class=\"p1\"><a href=\"https:\/\/archiviofficina48.it\/castelnovonemonti\/2018\/07\/31\/15455\/\"><span class=\"s1\">ATTIVAZIONE DEL PERCORSO PARTECIPATO SUL CENTRO DI FELINA E L&#8217;EX CINEMA TEATRO &gt;&gt;<\/span><\/a><\/h3>\n<hr \/>\n<h3 class=\"p1\"><a href=\"https:\/\/archiviofficina48.it\/castelnovonemonti\/wp-content\/uploads\/2018\/09\/Giovani_ex-Consorzio_Report-conclusivo.pdf\" target=\"_blank\" rel=\"noopener noreferrer\">Processo partecipativo giovani generazioni sul tema \u201czona Piazzale Matteotti-ex Consorzio Agrario\u201d REPORT CONCLUSIVO<\/a><\/h3>\n<hr \/>\n<h3 class=\"p1\"><span class=\"s1\"><b>FORUM CIVICO<br \/>\nL\u2019OBIETTIVO<\/b><\/span><\/h3>\n<p class=\"p2\"><span class=\"s1\">Il Forum Civico \u00e8 un processo di partecipazione della cittadinanza, che ha come finalit\u00e0 raccogliere idee e proposte per l\u2019elaborazione di un Documento programmatico della Giunta sulla Rigenerazione Urbana (visione, obiettivi, azioni e strumenti).<\/span><\/p>\n<p class=\"p2\"><strong>L\u2019Amministrazione assume l\u2019impegno a tenere in seria considerazione i risultati che emergeranno dal processo partecipativo ed a motivare pubblicamente le ragioni di un eventuale mancato o parziale accoglimento delle proposte.<\/strong><\/p>\n<h3 class=\"p1\"><span class=\"s1\"><b>L\u2019OGGETTO DEL FORUM CIVICO<\/b><\/span><\/h3>\n<p class=\"p4\"><span class=\"s1\">Il Forum parte dai risultati delle Mappe di Comunit\u00e0 e dei Questionari da un lato, e dall\u2019altro dal programma di mandato e da quanto il Comune sta coerentemente facendo ed ha in programma di fare in merito alla \u201cCitt\u00e0 pubblica\u201d (luoghi di uso pubblico o collettivo e loro relazioni) dei centri abitati del Capoluogo e di Felina per:<\/span><\/p>\n<ol class=\"ol1\">\n<li class=\"li4\"><span class=\"s3\">Condividere e implementare individuazione e significato degli elementi identitari<\/span><span class=\"s1\"> (luoghi esistenti) dei due paesi e della Comunit\u00e0 che li vive, che sono i punti di partenza irrinunciabili per qualunque progetto (urbanistico o no), cio\u00e8 quegli elementi che vanno mantenuti e valorizzati per il significato che rivestono per i cittadini;<\/span><\/li>\n<li class=\"li4\"><span class=\"s3\">Individuare quali sono le opportunit\u00e0\/risorse e le carenze\/debolezze <\/span><span class=\"s1\">del sistema della \u201ccitt\u00e0 pubblica\u201d attuale in base alle esigenze dei cittadini: <\/span><span class=\"s3\">luoghi e azioni<\/span><span class=\"s1\">;<\/span><\/li>\n<li class=\"li4\"><span class=\"s3\">Individuare priorit\u00e0 di azione rispetto ai punti 1 e 2<\/span><span class=\"s1\">.<\/span><\/li>\n<\/ol>\n<p class=\"p4\"><span class=\"s1\">Le risposte dei cittadini servono per decidere come orientare le azioni future, a breve, medio e lungo termine. <\/span><\/p>\n<p class=\"p4\"><span class=\"s1\">Obbiettivo trasversale \u00e8 \u201cfare comunit\u00e0\u201d: i luoghi da soli, cio\u00e8 senza la comunit\u00e0 che li vive, non hanno significato. Sicuramente l\u2019ascolto gi\u00e0 avviato con le Mappe ed i Questionari, e la partecipazione del Forum, con oggetto i luoghi della comunit\u00e0, \u00e8 di supporto in tal senso, stimolando discussione e riflessione.<\/span><\/p>\n<h3 class=\"p1\"><span class=\"s1\"><b>I PARTECIPANTI<\/b><\/span><\/h3>\n<p class=\"p1\"><span class=\"s1\">Il Forum vede la partecipazione di circa 100 cittadini cos\u00ec individuati:<\/span><\/p>\n<ul>\n<li class=\"li4\"><span class=\"s1\">30 cittadini che hanno preso parte ai gruppi che hanno elaborato le Mappe di Comunit\u00e0 negli scorsi mesi, e che si sono resi disponibili a continuare questo percorso;<\/span><\/li>\n<li class=\"li4\"><span class=\"s1\">4 Consiglieri comunali sia di maggioranza che di opposizione;<\/span><\/li>\n<li class=\"li4\"><span class=\"s1\">17 cittadini che appartengono a categorie economiche e professionali o ad associazionismo sociale, culturale sportivo e ambientale;<\/span><\/li>\n<li class=\"li4\"><span class=\"s1\">4 city users non residenti nel Comune, ma che vi lavorano, studiano o lo frequentano per altri motivi; <\/span><\/li>\n<li class=\"li4\"><span class=\"s1\">50 cittadini comuni selezionati casualmente a campione dai registri dell\u2019Anagrafe fra i residenti, in proporzione al genere, all\u2019et\u00e0, ed al luogo di residenza (suddivisi fra Castelnovo, Felina e le altre frazioni comunali).<\/span><\/li>\n<\/ul>\n<h3 class=\"p1\"><span class=\"s1\"><b>SEDE:<\/b><\/span><\/h3>\n<p class=\"p1\"><span class=\"s1\">Sala polivalente Oratorio Don Bosco, Via alla Pieve, 5, 42035 Castelnovo ne&#8217; Monti (RE)<\/span><\/p>\n<hr \/>\n<h3 class=\"p1\"><span class=\"s1\"><b>PROGRAMMA (sintesi):<\/b><\/span><\/h3>\n<p><img loading=\"lazy\" decoding=\"async\" width=\"3508\" height=\"2481\" class=\"alignnone size-full wp-image-12095 imgborder\" src=\"https:\/\/archiviofficina48.it\/castelnovonemonti\/wp-content\/uploads\/2016\/09\/cronopro-corretto.jpg\" alt=\"\" srcset=\"https:\/\/archiviofficina48.it\/castelnovonemonti\/wp-content\/uploads\/2016\/09\/cronopro-corretto.jpg 3508w, https:\/\/archiviofficina48.it\/castelnovonemonti\/wp-content\/uploads\/2016\/09\/cronopro-corretto-300x212.jpg 300w, https:\/\/archiviofficina48.it\/castelnovonemonti\/wp-content\/uploads\/2016\/09\/cronopro-corretto-768x543.jpg 768w, https:\/\/archiviofficina48.it\/castelnovonemonti\/wp-content\/uploads\/2016\/09\/cronopro-corretto-1024x724.jpg 1024w\" sizes=\"auto, (max-width: 3508px) 100vw, 3508px\" \/><\/p>\n<p class=\"p7\"><span class=\"s1\"><b>INCONTRO N. 1<\/b><\/span><\/p>\n<p class=\"p7\"><span class=\"s1\"><b>Gioved\u00ec 11 maggio 2017 ore 20:30-23.00<\/b><\/span><\/p>\n<p class=\"p1\"><span class=\"s1\"><b>Gli elementi identitari<\/b><\/span><\/p>\n<ol class=\"ol1\">\n<li class=\"li1\"><span class=\"s1\">Presentazione sintesi dei risultati di Mappe di Comunit\u00e0 e Questionari<\/span><\/li>\n<li class=\"li1\"><span class=\"s1\">I cittadini individuano elementi identitari del paese e della comunit\u00e0<br \/>\n<\/span><\/li>\n<\/ol>\n<p class=\"p7\"><span class=\"s1\"><b>INCONTRO N. 2<\/b><\/span><\/p>\n<p class=\"p7\"><span class=\"s1\"><b>Gioved\u00ec 25 maggio 2017 ore 20:30 \u2013 23.00<\/b><\/span><\/p>\n<p class=\"p1\"><span class=\"s1\"><b>Testimonianze, \u201cvisione e obiettivi\u201d<\/b><\/span><\/p>\n<ol class=\"ol1\">\n<li class=\"li2\"><span class=\"s1\">Il punto di vista dei \u2018testimoni\u2019 sociali ed economici: lo stato delle cose e le cose di fare<\/span><\/li>\n<li class=\"li2\"><span class=\"s1\">Riflessioni e quesiti dei partecipanti sui temi trattati dai testimoni<\/span><\/li>\n<li class=\"li2\"><span class=\"s1\">I cittadini esprimono visione e obiettivi rispetto all\u2019identit\u00e0 ed al ruolo di Castelnovo e Felina in relazione al contesto, nell\u2019attualit\u00e0 e rispetto al futuro<\/span><\/li>\n<\/ol>\n<p class=\"p7\"><span class=\"s1\"><b>INCONTRO N. 3<\/b><\/span><\/p>\n<p class=\"p7\"><span class=\"s1\"><b>Sabato 10 giugno 2017ore 14:00 \u2013 18.00<\/b><\/span><\/p>\n<p class=\"p1\"><span class=\"s1\"><b>Definire luoghi e azioni<\/b><\/span><\/p>\n<ol class=\"ol1\">\n<li class=\"li1\"><span class=\"s1\">L\u2019importanza del \u201cfare Comunit\u00e0\u201d<\/span><\/li>\n<li class=\"li1\"><span class=\"s1\">Strumenti urbanistici: regole e vincoli vigenti, e loro ricadute<\/span><\/li>\n<li class=\"li1\"><span class=\"s1\">Opere pubbliche per argomenti di interesse: cosa si sta facendo e si far\u00e0 a breve<\/span><\/li>\n<li class=\"li1\"><span class=\"s1\">I cittadini individuano luoghi e azioni<\/span><\/li>\n<\/ol>\n<p class=\"p7\"><span class=\"s1\"><b>INCONTRO N. 4<\/b><\/span><\/p>\n<p class=\"p7\"><span class=\"s1\"><b>Gioved\u00ec 22 giugno 2017 ore 20:30 \u2013 23.00<\/b><\/span><\/p>\n<p class=\"p1\"><span class=\"s1\"><b>Decidere su luoghi, azioni e priorit\u00e0<\/b><\/span><\/p>\n<ol class=\"ol1\">\n<li class=\"li2\"><span class=\"s1\">Sintesi individuazioni di luoghi e azioni espresse dai cittadini e prima valutazione tecnico-giuridica-economica di ogni proposta<\/span><\/li>\n<li class=\"li2\"><span class=\"s1\">Individuazione delle priorit\u00e0<\/span><\/li>\n<li class=\"li2\"><span class=\"s1\">Valutazione sintetica sul fare Comunit\u00e0 espressa nelle individuazioni di luoghi e azioni<\/span><\/li>\n<\/ol>\n<h3 class=\"p2\"><span class=\"s1\"><b>GRUPPO DI LAVORO:<\/b><\/span><\/h3>\n<p class=\"p2\"><span class=\"s1\"><b>Referente Amministrazione:<\/b> Vice Sindaco Emanuele Ferrari \u2013 Comune di Castelnovo ne\u2019 Monti;<\/span><\/p>\n<p class=\"p2\"><span class=\"s1\"><b>Coordinamento:<\/b> Daniele Corradini Responsabile Settore Pianificazione Promozione e Gestione del Territorio del Comune di Castelnovo ne\u2019 Monti<\/span><\/p>\n<p class=\"p2\"><span class=\"s1\"><b>Supporto alla progettazione e gestione del processo partecipativo: <\/b>Prof. Rodolfo Lewanski<b> \u2013 <\/b>Dipartimento di Scienze Politiche e Sociali, Universit\u00e0 di Bologna<\/span><\/p>\n<p class=\"p2\"><span class=\"s1\"><b>Organizzazione e gestione processo partecipativo: <\/b>Urb. Andrea Panzavolta<\/span><\/p>\n<p class=\"p2\"><span class=\"s1\"><b>Supporto tecnico<\/b><\/span><b> <\/b><span class=\"s1\"><b>per gli aspetti storico-territoriali ed urbanistici:<\/b> Arch. Elisabetta Cavazza<\/span><\/p>\n<p class=\"p2\"><span class=\"s1\"><b>Supporto tecnico per gli aspetti conoscitivi: <\/b>Ing. Chiara Cantini Responsabile Settore Lavori Pubblici Patrimonio Ambiente del Comune di Castelnovo ne\u2019 Monti<\/span><\/p>\n<p class=\"p2\"><span class=\"s1\"><b>Supporto per gli aspetti socio-antropologici: <\/b>Prof. Claudio Cernesi<\/span><\/p>\n<p class=\"p2\"><span class=\"s1\"><b>Supporto organizzativo:<\/b> Michela Costi; Andrea Magnani; Monia Malvolti; Marta Maroni;<\/span><\/p>\n<h3 class=\"p2\"><span class=\"s1\"><b>COMITATO DI GARANZIA:<\/b><\/span><\/h3>\n<p class=\"p2\"><span class=\"s1\">Per garantire la correttezza ed imparzialit\u00e0 del processo \u00e8 stato creato un apposito Comitato di garanzia, formato da Umberto Angel\u00e9, Corrado Tagliati e Cleonice Pignedoli, persone conosciute e stimate della Comunit\u00e0, cui i partecipanti possono rivolgersi qualora ritengano che la neutralit\u00e0 del processo non sia rispettata. <\/span><\/p>\n<h3 class=\"p2\"><span class=\"s1\"><b>FACILITATORI:<\/b><\/span><\/h3>\n<p class=\"p2\"><span class=\"s1\">Il Processo di partecipazione sar\u00e0 moderato e facilitato da esperti del settore, con l\u2019aiuto e l\u2019ausilio di giovani volontari appositamente formati.<\/span><\/p>\n<h3 class=\"p2\"><span class=\"s1\"><b>CONTATTI:<\/b><\/span><\/h3>\n<p class=\"p9\"><span class=\"s5\">Mail: <a href=\"mailto:mappacomunita@archiviofficina48.it\"><span class=\"s6\">mappacomunita@archiviofficina48.it<\/span><\/a><\/span><\/p>\n<p class=\"p2\"><span class=\"s1\">Tel. 0522.610223<\/span><\/p>\n<h2 class=\"p2\"><a href=\"https:\/\/archiviofficina48.it\/castelnovonemonti\/mappa-di-comunita\/forum-civico-materiali-partecipanti\/\">MATERIALI PER I PARTECIPANTI AL FORUM &gt;&gt;<\/a><\/h2>\n<p class=\"p2\"><img loading=\"lazy\" decoding=\"async\" class=\"imgborder wp-image-11887 size-large aligncenter\" src=\"https:\/\/archiviofficina48.it\/castelnovonemonti\/wp-content\/uploads\/2016\/09\/Mappa-di-comunita\u0300-FORUM-CIVICO-1024x724.jpg\" alt=\"Mappa di comunita\u0300 - FORUM CIVICO\" width=\"912\" height=\"645\" srcset=\"https:\/\/archiviofficina48.it\/castelnovonemonti\/wp-content\/uploads\/2016\/09\/Mappa-di-comunita\u0300-FORUM-CIVICO-1024x724.jpg 1024w, https:\/\/archiviofficina48.it\/castelnovonemonti\/wp-content\/uploads\/2016\/09\/Mappa-di-comunita\u0300-FORUM-CIVICO-300x212.jpg 300w, https:\/\/archiviofficina48.it\/castelnovonemonti\/wp-content\/uploads\/2016\/09\/Mappa-di-comunita\u0300-FORUM-CIVICO-768x543.jpg 768w, https:\/\/archiviofficina48.it\/castelnovonemonti\/wp-content\/uploads\/2016\/09\/Mappa-di-comunita\u0300-FORUM-CIVICO.jpg 1753w\" sizes=\"auto, (max-width: 912px) 100vw, 912px\" \/><\/p>\n<hr \/>\n<h3>Mappa di comunit\u00e0<\/h3>\n<p>Abbiamo coinvolto\u00a0le famiglie di Castelnovo Monti e Felina per un nuovo, ambizioso percorso di progettazione condivisa che segner\u00e0 il futuro urbanistico del paese. Si tratta di un approccio a suo modo rivoluzionario nella costruzione dei nuovi piani urbanistici: fino ad oggi il processo di redazione di questi documenti, fondamentali per la riqualificazione e rigenerazione urbana, trattando aspetti fortemente tecnici, non prevedeva una partecipazione popolare.<\/p>\n<p>Ora invece questo nuovo tipo di approccio vuole prendere in esame anche aspetti sociologici, legati al senso di appartenenza, e ai desideri dei cittadini, alla loro \u201cvisione\u201d dei centri urbani e del territorio. Il primo passo \u00e8 stato\u00a0la costruzione della Mappa di Comunit\u00e0, che prende il via appunto con queste lettere che chiedono la partecipazione a un percorso condiviso.<\/p>\n<p>Abbiamo invitato\u00a0partecipare ai gruppi di lavoro per la costruzione della \u201cMappa di Comunit\u00e0\u201d dei centri abitati del Capoluogo e di Felina. La Mappa di Comunit\u00e0 esprime la rappresentazione identitaria dei luoghi e permetter\u00e0 di segnalare eventuali fabbisogni e desideri in merito alla loro fruizione. Un documento costruito con la partecipazione della popolazione, che vuole rappresentare, in un formato molto libero e immediato, il patrimonio a cui la stessa comunit\u00e0 attribuisce valore e in quali termini: la propria storia, le caratteristiche fondative del territorio, le attivit\u00e0 che vi hanno sede, l\u2019ambiente, il paesaggio, il senso di appartenenza.<\/p>\n<p>Ad esempio, nella \u201cMappa di Comunit\u00e0\u201d i cittadini hanno avuto la possibilit\u00e0 di\u00a0segnalare quali sono i luoghi dei due centri abitati principali del territorio comunale, Castelnovo e Felina appunto, a loro cari, perch\u00e9 rivestono una importanza particolare, se secondo loro possono essere migliorati o vorrebbero che fossero mantenuti come sono ora. La Mappa di Comunit\u00e0 sar\u00e0 quindi un importante elemento per le future scelte di pianificazione urbanistica e in particolare per la costruzione del Piano di riqualificazione urbana.<\/p>\n<p>Per costruire questo innovativo strumento, l\u2019Amministrazione comunale ha costituito un gruppo tecnico scientifico alla fine del 2015. Castelnovo \u00e8 il primo Comune in regione, dopo esperienze fortemente positive condotte in Puglia e in Piemonte, ad adottare questo nuovo approccio urbanistico. La base del piano saranno comunque le \u201cLinee Programmatiche di mandato\u201d per il quinquennio 2014-2019, che prevedono appunto rigenerazione urbana, contenimento dell\u2019utilizzo del suolo e semplificazione degli strumenti urbanistici.<\/p>\n<p>Sono stati costituiti\u00a0tre gruppi di cittadini (focus group) che hanno partecipato\u00a0a cinque incontri nei prossimi mesi di ottobre (giorni 5 e 19) e novembre (giorni 2, 16 e 30) 2016.<\/p>\n<p align=\"RIGHT\"><span style=\"color: #000000;\"><span style=\"font-family: Arial, sans-serif;\"><span style=\"font-size: medium;\"><i>Il Sindaco<\/i><\/span><\/span><\/span><\/p>\n<p align=\"RIGHT\"><span style=\"color: #000000;\"><span style=\"font-family: Arial, sans-serif;\"><span style=\"font-size: medium;\"><i>Enrico Bini<\/i><\/span><\/span><\/span><\/p>\n<p align=\"LEFT\"><span style=\"color: #000000;\"><span style=\"font-family: Arial, sans-serif;\"><span style=\"font-size: medium;\">Maggiori informazioni sono a disposizione scrivendo all\u2019indirizzo <a href=\"mailto:mappacomunita@archiviofficina48.it\">mappacomunita@archiviofficina48.it<\/a> o telefonando al numero 0522 610249.<\/span><\/span><\/span><\/p>\n<hr \/>\n<h2 align=\"LEFT\"><a href=\"https:\/\/archiviofficina48.it\/castelnovonemonti\/mappa-di-comunita\/cose-la-mappa-di-comunita\/\">&#8211; Cos&#8217;\u00e8 la Mappa di Comunit\u00e0<\/a><\/h2>\n<p>&nbsp;<\/p>\n<h2 align=\"LEFT\"><a href=\"https:\/\/archiviofficina48.it\/castelnovonemonti\/wp-content\/uploads\/2016\/09\/Una-mappa-di-comunita\u0300-per-il-comune.pdf\" target=\"_blank\" rel=\"noopener noreferrer\">&#8211;\u00a0La serata di presentazione del 28 settembre<\/a><\/h2>\n<p>&nbsp;<\/p>\n<h2><a href=\"https:\/\/archiviofficina48.it\/castelnovonemonti\/wp-content\/uploads\/2017\/05\/sintesi-questionari-per-web.pdf\" target=\"_blank\" rel=\"noopener noreferrer\">&#8211; Sintesi dei questionari<\/a><\/h2>\n<p>&nbsp;<\/p>\n<h2><a href=\"https:\/\/archiviofficina48.it\/castelnovonemonti\/2017\/03\/16\/la-pianificazione-urbanistica-partecipata-avanza-vengono-presentate-le-mappe-comunita-prende-via-forum-civico\/\" target=\"_blank\" rel=\"noopener noreferrer\">&#8211; La prima serata di restituzione in programma il 21 marzo<\/a><\/h2>\n<p>&nbsp;<\/p>\n<h2><a href=\"https:\/\/archiviofficina48.it\/castelnovonemonti\/2017\/03\/21\/presentati-primi-elaborati-delle-mappe-comunita\/\">&#8211; Gli elaborati prodotti dai gruppi di lavoro<\/a><\/h2>\n<p>&nbsp;<\/p>\n<h2><a href=\"https:\/\/archiviofficina48.it\/castelnovonemonti\/documento-programmatico-della-giunta-sulla-rigenerazione-urbana\/\">&#8211; Documento programmatico della giunta sulla rigenerazione urbana<\/a><\/h2>\n","protected":false},"excerpt":{"rendered":"<p>MASTERPLAN PER LA RIGENERAZIONE URBANA DI CASTELNOVO MONTI E FELINA &gt;&gt; INCONTRI PROPOSITIVI PER IL FUTURO URBANISTICO DI FELINA CON PARTICOLARE RIFERIMENTO ALLA ZONA DELL&#8217;EX CINEMA &gt;&gt; PROGETTO DI INDIVIDUAZIONE DELLE VISUALI PANORAMICHE SIGNIFICATIVE DI CASTELNOVO &gt;&gt; ATTIVAZIONE DEL PERCORSO PARTECIPATO SUL CENTRO DI FELINA E L&#8217;EX CINEMA TEATRO &gt;&gt; Processo partecipativo giovani generazioni sul&#8230;<\/p>\n","protected":false},"author":1,"featured_media":0,"parent":0,"menu_order":0,"comment_status":"closed","ping_status":"closed","template":"template-leftsidebar.php","meta":{"footnotes":""},"class_list":["post-9997","page","type-page","status-publish","hentry"],"_links":{"self":[{"href":"https:\/\/archiviofficina48.it\/castelnovonemonti\/wp-json\/wp\/v2\/pages\/9997","targetHints":{"allow":["GET"]}}],"collection":[{"href":"https:\/\/archiviofficina48.it\/castelnovonemonti\/wp-json\/wp\/v2\/pages"}],"about":[{"href":"https:\/\/archiviofficina48.it\/castelnovonemonti\/wp-json\/wp\/v2\/types\/page"}],"author":[{"embeddable":true,"href":"https:\/\/archiviofficina48.it\/castelnovonemonti\/wp-json\/wp\/v2\/users\/1"}],"replies":[{"embeddable":true,"href":"https:\/\/archiviofficina48.it\/castelnovonemonti\/wp-json\/wp\/v2\/comments?post=9997"}],"version-history":[{"count":39,"href":"https:\/\/archiviofficina48.it\/castelnovonemonti\/wp-json\/wp\/v2\/pages\/9997\/revisions"}],"predecessor-version":[{"id":18113,"href":"https:\/\/archiviofficina48.it\/castelnovonemonti\/wp-json\/wp\/v2\/pages\/9997\/revisions\/18113"}],"wp:attachment":[{"href":"https:\/\/archiviofficina48.it\/castelnovonemonti\/wp-json\/wp\/v2\/media?parent=9997"}],"curies":[{"name":"wp","href":"https:\/\/api.w.org\/{rel}","templated":true}]}}